{"id":297,"date":"2025-09-03T06:55:29","date_gmt":"2025-09-03T06:55:29","guid":{"rendered":"https:\/\/shubhakamana.fi\/blog\/?page_id=297"},"modified":"2025-09-04T07:30:44","modified_gmt":"2025-09-04T07:30:44","slug":"home","status":"publish","type":"page","link":"https:\/\/shubhakamana.fi\/blog\/","title":{"rendered":"Home"},"content":{"rendered":"\t\t<div data-elementor-type=\"wp-page\" data-elementor-id=\"297\" class=\"elementor elementor-297\">\n\t\t\t\t<div class=\"elementor-element elementor-element-54768fda e-con-full e-flex e-con e-parent\" data-id=\"54768fda\" data-element_type=\"container\" data-e-type=\"container\">\n\t\t<div class=\"elementor-element elementor-element-b3dbfd8 e-con-full e-flex e-con e-child\" data-id=\"b3dbfd8\" data-element_type=\"container\" data-e-type=\"container\">\n\t\t\t\t<div class=\"elementor-element elementor-element-43831e8d elementor-widget elementor-widget-heading\" data-id=\"43831e8d\" data-element_type=\"widget\" data-e-type=\"widget\" data-widget_type=\"heading.default\">\n\t\t\t\t\t<h1 class=\"elementor-heading-title elementor-size-default\">WELCOME TO SHUBHAKAMANA<\/h1>\t\t\t\t<\/div>\n\t\t\t\t<div class=\"elementor-element elementor-element-322f706 elementor-widget-divider--view-line elementor-widget elementor-widget-divider\" data-id=\"322f706\" data-element_type=\"widget\" data-e-type=\"widget\" data-widget_type=\"divider.default\">\n\t\t\t\t\t\t\t<div class=\"elementor-divider\">\n\t\t\t<span class=\"elementor-divider-separator\">\n\t\t\t\t\t\t<\/span>\n\t\t<\/div>\n\t\t\t\t\t\t<\/div>\n\t\t\t\t<div class=\"elementor-element elementor-element-6f99c144 elementor-widget__width-initial elementor-widget-mobile__width-inherit elementor-widget elementor-widget-text-editor\" data-id=\"6f99c144\" data-element_type=\"widget\" data-e-type=\"widget\" data-widget_type=\"text-editor.default\">\n\t\t\t\t\t\t\t\t\t<p>South Asian Delicacies<\/p>\t\t\t\t\t\t\t\t<\/div>\n\t\t\t\t<div class=\"elementor-element elementor-element-6380de1e elementor-mobile-align-center elementor-invisible elementor-widget elementor-widget-button\" data-id=\"6380de1e\" data-element_type=\"widget\" data-e-type=\"widget\" data-settings=\"{&quot;_animation&quot;:&quot;fadeInDown&quot;}\" data-widget_type=\"button.default\">\n\t\t\t\t\t\t\t\t\t\t<a class=\"elementor-button elementor-button-link elementor-size-sm\" href=\"https:\/\/shubhakamana.fi\/blog\/?page_id=272\">\n\t\t\t\t\t\t<span class=\"elementor-button-content-wrapper\">\n\t\t\t\t\t\t\t\t\t<span class=\"elementor-button-text\">Contact Us<\/span>\n\t\t\t\t\t<\/span>\n\t\t\t\t\t<\/a>\n\t\t\t\t\t\t\t\t<\/div>\n\t\t\t\t<div class=\"elementor-element elementor-element-e8fbb0a elementor-mobile-align-center elementor-invisible elementor-widget elementor-widget-button\" data-id=\"e8fbb0a\" data-element_type=\"widget\" data-e-type=\"widget\" data-settings=\"{&quot;_animation&quot;:&quot;fadeInDown&quot;}\" data-widget_type=\"button.default\">\n\t\t\t\t\t\t\t\t\t\t<a class=\"elementor-button elementor-button-link elementor-size-sm\" href=\"https:\/\/shubhakamana.fi\/blog\/?page_id=287\">\n\t\t\t\t\t\t<span class=\"elementor-button-content-wrapper\">\n\t\t\t\t\t\t\t\t\t<span class=\"elementor-button-text\">Lunch<\/span>\n\t\t\t\t\t<\/span>\n\t\t\t\t\t<\/a>\n\t\t\t\t\t\t\t\t<\/div>\n\t\t\t\t<div class=\"elementor-element elementor-element-e638165 elementor-mobile-align-center elementor-invisible elementor-widget elementor-widget-button\" data-id=\"e638165\" data-element_type=\"widget\" data-e-type=\"widget\" data-settings=\"{&quot;_animation&quot;:&quot;fadeInDown&quot;}\" data-widget_type=\"button.default\">\n\t\t\t\t\t\t\t\t\t\t<a class=\"elementor-button elementor-button-link elementor-size-sm\" href=\"https:\/\/shubhakamana.fi\/?page_id=276\">\n\t\t\t\t\t\t<span class=\"elementor-button-content-wrapper\">\n\t\t\t\t\t\t\t\t\t<span class=\"elementor-button-text\">Ala carte<\/span>\n\t\t\t\t\t<\/span>\n\t\t\t\t\t<\/a>\n\t\t\t\t\t\t\t\t<\/div>\n\t\t\t\t<div class=\"elementor-element elementor-element-79ee33d elementor-mobile-align-center elementor-invisible elementor-widget elementor-widget-button\" data-id=\"79ee33d\" data-element_type=\"widget\" data-e-type=\"widget\" data-settings=\"{&quot;_animation&quot;:&quot;fadeInDown&quot;}\" data-widget_type=\"button.default\">\n\t\t\t\t\t\t\t\t\t\t<a class=\"elementor-button elementor-button-link elementor-size-sm\" href=\"#Reservations\">\n\t\t\t\t\t\t<span class=\"elementor-button-content-wrapper\">\n\t\t\t\t\t\t\t\t\t<span class=\"elementor-button-text\">Reservations<\/span>\n\t\t\t\t\t<\/span>\n\t\t\t\t\t<\/a>\n\t\t\t\t\t\t\t\t<\/div>\n\t\t\t\t<\/div>\n\t\t<div class=\"elementor-element elementor-element-59102c52 e-con-full e-flex e-con e-child\" data-id=\"59102c52\" data-element_type=\"container\" data-e-type=\"container\" data-settings=\"{&quot;background_background&quot;:&quot;classic&quot;}\">\n\t\t\t\t<\/div>\n\t\t\t\t<\/div>\n\t\t<div class=\"elementor-element elementor-element-5e07416a e-flex e-con-boxed e-con e-parent\" data-id=\"5e07416a\" data-element_type=\"container\" data-e-type=\"container\">\n\t\t\t\t\t<div class=\"e-con-inner\">\n\t\t\t\t<div class=\"elementor-element elementor-element-13ca4282 elementor-widget elementor-widget-heading\" data-id=\"13ca4282\" data-element_type=\"widget\" data-e-type=\"widget\" data-widget_type=\"heading.default\">\n\t\t\t\t\t<h2 class=\"elementor-heading-title elementor-size-default\">About Us<\/h2>\t\t\t\t<\/div>\n\t\t<div class=\"elementor-element elementor-element-ef2ce77 e-con-full e-flex e-con e-child\" data-id=\"ef2ce77\" data-element_type=\"container\" data-e-type=\"container\">\n\t\t<div class=\"elementor-element elementor-element-c99a28d e-grid e-con-full e-con e-child\" data-id=\"c99a28d\" data-element_type=\"container\" data-e-type=\"container\">\n\t\t\t\t<div class=\"elementor-element elementor-element-73d726a elementor-widget elementor-widget-text-editor\" data-id=\"73d726a\" data-element_type=\"widget\" data-e-type=\"widget\" data-widget_type=\"text-editor.default\">\n\t\t\t\t\t\t\t\t\t<p style=\"outline: currentcolor; -webkit-font-smoothing: antialiased; margin: 0px; font-family: Barlow, sans-serif; font-size: 17px; text-align: center; line-height: 30px; color: #666666;\">Koko henkil\u00f6kuntamme toivottaa teid\u00e4t viihtym\u00e4\u00e4n ravintolaammeaitojen, suussa sulavien nepalilaisten makujen pariin! Haluamme tarjota teille laajalla ruokalistallamme herkullisia ja monipuolisia annoksia, jotka on valmistettu hyvist\u00e4 raaka-aineista. Kunnia asiamme on lis\u00e4ksi hyv\u00e4 palvelu.<\/p><p style=\"outline: currentcolor; -webkit-font-smoothing: antialiased; margin: 0px; font-family: Barlow, sans-serif; font-size: 17px; text-align: center; line-height: 30px; color: #666666;\">Keitti\u00f6ll\u00e4mme on 30 vuoden kokemus ruuanvalmistuksesta Nepalissa, Intiassa ja Tokiossa. Niinp\u00e4 tarjoamme ruokia my\u00f6s aasialaisin vivahtein. Jos teill\u00e4 on toiveita keitti\u00f6llemme, voimme muokata annoksen mieleiseksenne eri tulisuusasteilla ja vaihtamalla ruokien ainesosia, kuten lihaa, juustoa ja kastikkeita. Pystymme huomioimaan kaikki allergiat. Kysy keitti\u00f6lt\u00e4mme! Ravintolamme on 40-paikkainen. Lounasaikamme on 10.30-15 ja ravintolassamme on A-oikeudet. Meill\u00e4 voi j\u00e4rjest\u00e4\u00e4 my\u00f6s yksityis ja yritysjuhlia. Olemme auki 363 p\u00e4iv\u00e4\u00e4 vuodessa.<\/p>\t\t\t\t\t\t\t\t<\/div>\n\t\t\t\t<div class=\"elementor-element elementor-element-e1a9fa0 elementor-widget elementor-widget-text-editor\" data-id=\"e1a9fa0\" data-element_type=\"widget\" data-e-type=\"widget\" data-widget_type=\"text-editor.default\">\n\t\t\t\t\t\t\t\t\t<p style=\"outline: currentcolor; -webkit-font-smoothing: antialiased; margin: 0px; font-family: Barlow, sans-serif; font-size: 17px; text-align: center; line-height: 30px; color: #666666;\">The entire Shubha Kamana team welcomes you to enjoy our restaurant\u2019s authentic and delectable flavours of the Nepalese spices. We are passionate about creating a dining experience that goes beyond just good food, and focus on high quality service.We want to offer you a wide range of tastes from our menu of delicious and varied dishes, made from high quality ingredients. Great honour is in addition to good service.<\/p><p style=\"outline: currentcolor; -webkit-font-smoothing: antialiased; margin: 0px; font-family: Barlow, sans-serif; font-size: 17px; text-align: center; line-height: 30px; color: #666666;\">The kitchen has professionals with 30+ years of experience in food preparation from Nepal, India and Japan. Thus, we offer dishes including Asian influence. If you have any hopes for the kitchen, we can customize the dishes to your wishes. Our staffs also prepare allergy-friendly dishes if asked!<\/p><p style=\"outline: currentcolor; -webkit-font-smoothing: antialiased; margin: 0px; font-family: Barlow, sans-serif; font-size: 17px; text-align: center; line-height: 30px; color: #666666;\">We have well managed bar providing large selection of Finnish and foreign beers, wines, hard-drinks and soft-drinks within reasonable prices.Our restaurant has 40 seats. Our lunch time is from 10:30 am to 3:00 PM and the restaurant is fully licensed. We can also arrange for private and corporate parties. We are open 363 days a year.<\/p><p style=\"outline: currentcolor; -webkit-font-smoothing: antialiased; margin: 0px; font-family: Barlow, sans-serif; font-size: 17px; text-align: center; line-height: 30px; color: #666666;\">Our dishes have drawn people from all over to come experience the flavours of the Nepal. Come into Shubha Kamana today, we guarantee you the best experience!<\/p>\t\t\t\t\t\t\t\t<\/div>\n\t\t\t\t<\/div>\n\t\t\t\t<\/div>\n\t\t<div class=\"elementor-element elementor-element-47bb9e4b e-con-full e-flex e-con e-child\" data-id=\"47bb9e4b\" data-element_type=\"container\" data-e-type=\"container\">\n\t\t\t\t<\/div>\n\t\t\t\t\t<\/div>\n\t\t\t\t<\/div>\n\t\t<div class=\"elementor-element elementor-element-d7c9b46 e-flex e-con-boxed e-con e-parent\" data-id=\"d7c9b46\" data-element_type=\"container\" data-e-type=\"container\">\n\t\t\t\t\t<div class=\"e-con-inner\">\n\t\t\t\t<div class=\"elementor-element elementor-element-5b1b3a9 elementor-widget elementor-widget-menu-anchor\" data-id=\"5b1b3a9\" data-element_type=\"widget\" data-e-type=\"widget\" data-widget_type=\"menu-anchor.default\">\n\t\t\t\t\t\t\t<div class=\"elementor-menu-anchor\" id=\"Reservations\"><\/div>\n\t\t\t\t\t\t<\/div>\n\t\t\t\t\t<\/div>\n\t\t\t\t<\/div>\n\t\t<div class=\"elementor-element elementor-element-2be0334e e-con-full e-flex e-con e-parent\" data-id=\"2be0334e\" data-element_type=\"container\" data-e-type=\"container\">\n\t\t<div class=\"elementor-element elementor-element-11048b3f e-con-full e-flex e-con e-child\" data-id=\"11048b3f\" data-element_type=\"container\" data-e-type=\"container\">\n\t\t\t\t<div class=\"elementor-element elementor-element-13ed2a44 elementor-widget elementor-widget-heading\" data-id=\"13ed2a44\" data-element_type=\"widget\" data-e-type=\"widget\" data-widget_type=\"heading.default\">\n\t\t\t\t\t<h2 class=\"elementor-heading-title elementor-size-default\">Reservations<\/h2>\t\t\t\t<\/div>\n\t\t\t\t<\/div>\n\t\t<div class=\"elementor-element elementor-element-1b9de1b9 e-con-full e-flex e-con e-child\" data-id=\"1b9de1b9\" data-element_type=\"container\" data-e-type=\"container\">\n\t\t\t\t<div class=\"elementor-element elementor-element-20eeb64 elementor-widget elementor-widget-wpforms\" data-id=\"20eeb64\" data-element_type=\"widget\" data-e-type=\"widget\" data-widget_type=\"wpforms.default\">\n\t\t\t\t<div class=\"elementor-widget-container\">\n\t\t\t\t\t<div class=\"wpforms-container wpforms-container-full wpforms-render-modern\" id=\"wpforms-143\"><form id=\"wpforms-form-143\" class=\"wpforms-validate wpforms-form wpforms-ajax-form\" data-formid=\"143\" method=\"post\" enctype=\"multipart\/form-data\" action=\"\/blog\/index.php?rest_route=%2Fwp%2Fv2%2Fpages%2F297\" data-token=\"f98cd7e9d742e3d697b92972eb55ce54\" data-token-time=\"1777558338\"><noscript class=\"wpforms-error-noscript\">Please enable JavaScript in your browser to complete this form.<\/noscript><div id=\"wpforms-error-noscript\" style=\"display: none;\">Please enable JavaScript in your browser to complete this form.<\/div><div class=\"wpforms-field-container\">\t\t<div id=\"wpforms-143-field_5-container\"\n\t\t\tclass=\"wpforms-field wpforms-field-text\"\n\t\t\tdata-field-type=\"text\"\n\t\t\tdata-field-id=\"5\"\n\t\t\t>\n\t\t\t<label class=\"wpforms-field-label\" for=\"wpforms-143-field_5\" >Number of Email<\/label>\n\t\t\t<input type=\"text\" id=\"wpforms-143-field_5\" class=\"wpforms-field-medium\" name=\"wpforms[fields][5]\" >\n\t\t<\/div>\n\t\t<div id=\"wpforms-143-field_1-container\" class=\"wpforms-field wpforms-field-name\" data-field-id=\"1\"><fieldset><legend class=\"wpforms-field-label\">Name <span class=\"wpforms-required-label\" aria-hidden=\"true\">*<\/span><\/legend><div class=\"wpforms-field-row wpforms-field-medium\"><div class=\"wpforms-field-row-block wpforms-first wpforms-one-half\"><input type=\"text\" id=\"wpforms-143-field_1\" class=\"wpforms-field-name-first wpforms-field-required\" name=\"wpforms[fields][1][first]\" aria-errormessage=\"wpforms-143-field_1-error\" required><label for=\"wpforms-143-field_1\" class=\"wpforms-field-sublabel after\">First<\/label><\/div><div class=\"wpforms-field-row-block wpforms-one-half\"><input type=\"text\" id=\"wpforms-143-field_1-last\" class=\"wpforms-field-name-last wpforms-field-required\" name=\"wpforms[fields][1][last]\" aria-errormessage=\"wpforms-143-field_1-last-error\" required><label for=\"wpforms-143-field_1-last\" class=\"wpforms-field-sublabel after\">Last<\/label><\/div><\/div><\/fieldset><\/div><div id=\"wpforms-143-field_2-container\" class=\"wpforms-field wpforms-field-email\" data-field-id=\"2\"><label class=\"wpforms-field-label\" for=\"wpforms-143-field_2\">Email <span class=\"wpforms-required-label\" aria-hidden=\"true\">*<\/span><\/label><input type=\"email\" id=\"wpforms-143-field_2\" class=\"wpforms-field-medium wpforms-field-required\" name=\"wpforms[fields][2]\" spellcheck=\"false\" aria-errormessage=\"wpforms-143-field_2-error\" required><\/div><div id=\"wpforms-143-field_6-container\" class=\"wpforms-field wpforms-field-number\" data-field-id=\"6\"><label class=\"wpforms-field-label\" for=\"wpforms-143-field_6\">Phone number <span class=\"wpforms-required-label\" aria-hidden=\"true\">*<\/span><\/label><input type=\"number\" id=\"wpforms-143-field_6\" class=\"wpforms-field-medium wpforms-field-required\" name=\"wpforms[fields][6]\" step=\"any\" aria-errormessage=\"wpforms-143-field_6-error\" required><\/div><div id=\"wpforms-143-field_4-container\" class=\"wpforms-field wpforms-field-number\" data-field-id=\"4\"><label class=\"wpforms-field-label\" for=\"wpforms-143-field_4\">Number of persons<\/label><input type=\"number\" id=\"wpforms-143-field_4\" class=\"wpforms-field-medium\" name=\"wpforms[fields][4]\" step=\"any\" aria-errormessage=\"wpforms-143-field_4-error\" ><\/div><div id=\"wpforms-143-field_3-container\" class=\"wpforms-field wpforms-field-textarea\" data-field-id=\"3\"><label class=\"wpforms-field-label\" for=\"wpforms-143-field_3\">Comment or Message<\/label><textarea id=\"wpforms-143-field_3\" class=\"wpforms-field-medium\" name=\"wpforms[fields][3]\" aria-errormessage=\"wpforms-143-field_3-error\" ><\/textarea><\/div><script>\n\t\t\t\t( function() {\n\t\t\t\t\tconst style = document.createElement( 'style' );\n\t\t\t\t\tstyle.appendChild( document.createTextNode( '#wpforms-143-field_5-container { position: absolute !important; overflow: hidden !important; display: inline !important; height: 1px !important; width: 1px !important; z-index: -1000 !important; padding: 0 !important; } #wpforms-143-field_5-container input { visibility: hidden; } #wpforms-conversational-form-page #wpforms-143-field_5-container label { counter-increment: none; }' ) );\n\t\t\t\t\tdocument.head.appendChild( style );\n\t\t\t\t\tdocument.currentScript?.remove();\n\t\t\t\t} )();\n\t\t\t<\/script><\/div><!-- .wpforms-field-container --><div class=\"wpforms-submit-container\" ><input type=\"hidden\" name=\"wpforms[id]\" value=\"143\"><input type=\"hidden\" name=\"page_title\" value=\"\"><input type=\"hidden\" name=\"page_url\" value=\"https:\/\/shubhakamana.fi\/blog\/index.php?rest_route=\/wp\/v2\/pages\/297\"><input type=\"hidden\" name=\"url_referer\" value=\"\"><button type=\"submit\" name=\"wpforms[submit]\" id=\"wpforms-submit-143\" class=\"wpforms-submit\" data-alt-text=\"Sending...\" data-submit-text=\"Submit\" aria-live=\"assertive\" value=\"wpforms-submit\">Submit<\/button><img decoding=\"async\" src=\"https:\/\/shubhakamana.fi\/blog\/wp-content\/plugins\/wpforms-lite\/assets\/images\/submit-spin.svg\" class=\"wpforms-submit-spinner\" style=\"display: none;\" width=\"26\" height=\"26\" alt=\"Loading\"><\/div><\/form><\/div>  <!-- .wpforms-container -->\t\t\t\t<\/div>\n\t\t\t\t<\/div>\n\t\t\t\t<\/div>\n\t\t\t\t<\/div>\n\t\t<div class=\"elementor-element elementor-element-8cfac4e e-grid e-con-boxed e-con e-parent\" data-id=\"8cfac4e\" data-element_type=\"container\" data-e-type=\"container\">\n\t\t\t\t\t<div class=\"e-con-inner\">\n\t\t\t\t<div class=\"elementor-element elementor-element-b3ac73b elementor-widget elementor-widget-heading\" data-id=\"b3ac73b\" data-element_type=\"widget\" data-e-type=\"widget\" data-widget_type=\"heading.default\">\n\t\t\t\t\t<h2 class=\"elementor-heading-title elementor-size-default\">Contact<\/h2>\t\t\t\t<\/div>\n\t\t\t\t\t<\/div>\n\t\t\t\t<\/div>\n\t\t<div class=\"elementor-element elementor-element-d43fdf8 e-grid e-con-boxed e-con e-parent\" data-id=\"d43fdf8\" data-element_type=\"container\" data-e-type=\"container\">\n\t\t\t\t\t<div class=\"e-con-inner\">\n\t\t\t\t<div class=\"elementor-element elementor-element-03208ba elementor-widget elementor-widget-text-editor\" data-id=\"03208ba\" data-element_type=\"widget\" data-e-type=\"widget\" data-widget_type=\"text-editor.default\">\n\t\t\t\t\t\t\t\t\t<ul><li><h6>Call Us<\/h6><p><a href=\"tel:09 42893017\">09 42893017<\/a><\/p><\/li><li><h6>Address<\/h6><p><a href=\"https:\/\/shubhakamana.fi\/contact#\">Dagmarinkatu 5, 00100 Helsinki<\/a><\/p><\/li><li><h6>Email Us<\/h6><p>shubhakamana2014@<a href=\"mailto:aryalbhola31(at)gmail.com\">gmail.com<\/a><\/p><\/li><\/ul>\t\t\t\t\t\t\t\t<\/div>\n\t\t\t\t<div class=\"elementor-element elementor-element-d92cae3 elementor-widget elementor-widget-text-editor\" data-id=\"d92cae3\" data-element_type=\"widget\" data-e-type=\"widget\" data-widget_type=\"text-editor.default\">\n\t\t\t\t\t\t\t\t\t<p><strong>AUKIOLOAJAT<br \/><\/strong>Maanantai : 10:30 &#8211; 15:00<br \/>Tiistai &#8211; Perjantai : 10:30 &#8211; 22:00<br \/>Lauantai : 12:00 &#8211; 22:00<br \/>Sunnuntai : 12:00 &#8211; 21:00<\/p><p><strong>OPENING HOURS<br \/><\/strong>Monday : 10:30 &#8211; 15:00<br \/>Tuesday &#8211; Friday : 10:30 &#8211; 22:00<br \/>Saturday : 12:00 &#8211; 22:00<br \/>Sunday : 12:00 &#8211; 21:00<\/p>\t\t\t\t\t\t\t\t<\/div>\n\t\t\t\t\t<\/div>\n\t\t\t\t<\/div>\n\t\t\t\t<\/div>\n\t\t","protected":false},"excerpt":{"rendered":"<p>WELCOME TO SHUBHAKAMANA South Asian Delicacies Contact Us Lunch Ala carte Reservations About Us Koko henkil\u00f6kuntamme toivottaa teid\u00e4t viihtym\u00e4\u00e4n ravintolaammeaitojen, suussa sulavien nepalilaisten makujen pariin! Haluamme tarjota teille laajalla ruokalistallamme herkullisia ja monipuolisia annoksia, jotka on valmistettu hyvist\u00e4 raaka-aineista. Kunnia asiamme on lis\u00e4ksi hyv\u00e4 palvelu. Keitti\u00f6ll\u00e4mme on 30 vuoden kokemus ruuanvalmistuksesta Nepalissa, Intiassa ja Tokiossa. [&hellip;]<\/p>\n","protected":false},"author":1,"featured_media":0,"parent":0,"menu_order":0,"comment_status":"closed","ping_status":"closed","template":"elementor_header_footer","meta":{"footnotes":""},"class_list":["post-297","page","type-page","status-publish","hentry"],"_links":{"self":[{"href":"https:\/\/shubhakamana.fi\/blog\/index.php?rest_route=\/wp\/v2\/pages\/297","targetHints":{"allow":["GET"]}}],"collection":[{"href":"https:\/\/shubhakamana.fi\/blog\/index.php?rest_route=\/wp\/v2\/pages"}],"about":[{"href":"https:\/\/shubhakamana.fi\/blog\/index.php?rest_route=\/wp\/v2\/types\/page"}],"author":[{"embeddable":true,"href":"https:\/\/shubhakamana.fi\/blog\/index.php?rest_route=\/wp\/v2\/users\/1"}],"replies":[{"embeddable":true,"href":"https:\/\/shubhakamana.fi\/blog\/index.php?rest_route=%2Fwp%2Fv2%2Fcomments&post=297"}],"version-history":[{"count":43,"href":"https:\/\/shubhakamana.fi\/blog\/index.php?rest_route=\/wp\/v2\/pages\/297\/revisions"}],"predecessor-version":[{"id":499,"href":"https:\/\/shubhakamana.fi\/blog\/index.php?rest_route=\/wp\/v2\/pages\/297\/revisions\/499"}],"wp:attachment":[{"href":"https:\/\/shubhakamana.fi\/blog\/index.php?rest_route=%2Fwp%2Fv2%2Fmedia&parent=297"}],"curies":[{"name":"wp","href":"https:\/\/api.w.org\/{rel}","templated":true}]}}